{"id":8320,"date":"2023-08-05T14:39:46","date_gmt":"2023-08-05T17:39:46","guid":{"rendered":"https:\/\/atlasgeoculturalafricaatual.com\/?page_id=8320"},"modified":"2023-08-16T11:28:13","modified_gmt":"2023-08-16T14:28:13","slug":"quem-somos","status":"publish","type":"page","link":"https:\/\/atlasgeoculturalafricaatual.com\/index.php\/quem-somos\/","title":{"rendered":"Quem somos"},"content":{"rendered":"\t\t<div data-elementor-type=\"wp-page\" data-elementor-id=\"8320\" class=\"elementor elementor-8320\">\n\t\t\t\t\t\t\t<div class=\"elementor-element elementor-element-f2cca5d e-flex e-con-boxed e-con\" data-id=\"f2cca5d\" data-element_type=\"container\" data-settings=\"{&quot;background_background&quot;:&quot;classic&quot;,&quot;content_width&quot;:&quot;boxed&quot;}\" data-e-bg-lazyload=\"\">\n\t\t\t\t\t<div class=\"e-con-inner\">\n\t\t\t\t<div class=\"elementor-element elementor-element-6fe84aa elementor-widget__width-inherit elementor-widget elementor-widget-heading\" data-id=\"6fe84aa\" data-element_type=\"widget\" data-widget_type=\"heading.default\">\n\t\t\t\t<div class=\"elementor-widget-container\">\n\t\t\t<style>\/*! elementor - v3.15.0 - 02-08-2023 *\/\n.elementor-heading-title{padding:0;margin:0;line-height:1}.elementor-widget-heading .elementor-heading-title[class*=elementor-size-]>a{color:inherit;font-size:inherit;line-height:inherit}.elementor-widget-heading .elementor-heading-title.elementor-size-small{font-size:15px}.elementor-widget-heading .elementor-heading-title.elementor-size-medium{font-size:19px}.elementor-widget-heading .elementor-heading-title.elementor-size-large{font-size:29px}.elementor-widget-heading .elementor-heading-title.elementor-size-xl{font-size:39px}.elementor-widget-heading .elementor-heading-title.elementor-size-xxl{font-size:59px}<\/style><h1 class=\"elementor-heading-title elementor-size-default\">Quem somos<\/h1>\t\t<\/div>\n\t\t\t\t<\/div>\n\t\t\t\t\t<\/div>\n\t\t\t\t<\/div>\n\t\t<div class=\"elementor-element elementor-element-718b11b e-flex e-con-boxed e-con\" data-id=\"718b11b\" data-element_type=\"container\" data-settings=\"{&quot;content_width&quot;:&quot;boxed&quot;}\">\n\t\t\t\t\t<div class=\"e-con-inner\">\n\t\t<div class=\"elementor-element elementor-element-8792401 e-flex e-con-boxed e-con\" data-id=\"8792401\" data-element_type=\"container\" data-settings=\"{&quot;background_background&quot;:&quot;classic&quot;,&quot;content_width&quot;:&quot;boxed&quot;}\">\n\t\t\t\t\t<div class=\"e-con-inner\">\n\t\t<div class=\"elementor-element elementor-element-8e1aacd e-flex e-con-boxed e-con\" data-id=\"8e1aacd\" data-element_type=\"container\" data-settings=\"{&quot;content_width&quot;:&quot;boxed&quot;}\">\n\t\t\t\t\t<div class=\"e-con-inner\">\n\t\t<div class=\"elementor-element elementor-element-e62b75d e-flex e-con-boxed e-con\" data-id=\"e62b75d\" data-element_type=\"container\" data-settings=\"{&quot;content_width&quot;:&quot;boxed&quot;}\">\n\t\t\t\t\t<div class=\"e-con-inner\">\n\t\t<div class=\"elementor-element elementor-element-0972cec e-flex e-con-boxed e-con\" data-id=\"0972cec\" data-element_type=\"container\" data-settings=\"{&quot;content_width&quot;:&quot;boxed&quot;}\">\n\t\t\t\t\t<div class=\"e-con-inner\">\n\t\t\t\t<div class=\"elementor-element elementor-element-39efc7a elementor-widget__width-inherit elementor-widget elementor-widget-upk-news-ticker\" data-id=\"39efc7a\" data-element_type=\"widget\" data-widget_type=\"upk-news-ticker.default\">\n\t\t\t\t<div class=\"elementor-widget-container\">\n\t\t\t\t\t<div id=\"newsTicker1\" class=\"upk-news-ticker\" data-settings=\"{&quot;effect&quot;:&quot;slide-right&quot;,&quot;autoPlay&quot;:true,&quot;interval&quot;:6000,&quot;pauseOnHover&quot;:true,&quot;scrollSpeed&quot;:1}\">\n\t\t\t\t\t    \t<div class=\"upk-news-ticker-label\">\n\t\t\t\t\t<div class=\"upk-news-ticker-label-inner\">\n\t\t\t\t\t\tNot\u00edcias\t    \t\t\t<\/div>\n\t    \t\t<\/div>\n\t\t    \t\t    <div class=\"upk-news-ticker-content\">\n\t\t        <ul>\n\t\t\t\t<li class=\"upk-news-ticker-item\">\n\t\t\t\n\n\t\t\t\t\t\t\t\t\t\n\t\t<a href=\"https:\/\/atlasgeoculturalafricaatual.com\/index.php\/2023\/09\/22\/editora-eiros-lanca-livros-afrocentrados\/\">\n\t\t\t\n\t\t\t\n\t\t\tEditora Eiros lan\u00e7a livros Afrocentrados\t\t<\/a>\n\t\t\t\t\t\t\n\t\t\t\t\n\t\t\t\n\t\t<\/li>\n\t\t\t\t<li class=\"upk-news-ticker-item\">\n\t\t\t\n\n\t\t\t\t\t\t\t\t\t\n\t\t<a href=\"https:\/\/atlasgeoculturalafricaatual.com\/index.php\/2023\/09\/22\/solidariedade-ao-marrocos-libia-e-rio-grande-do-sul\/\">\n\t\t\t\n\t\t\t\n\t\t\tSolidariedade ao Marrocos, L\u00edbia e Rio Grande do Sul\t\t<\/a>\n\t\t\t\t\t\t\n\t\t\t\t\n\t\t\t\n\t\t<\/li>\n\t\t\t\t<li class=\"upk-news-ticker-item\">\n\t\t\t\n\n\t\t\t\t\t\t\t\t\t\n\t\t<a href=\"https:\/\/atlasgeoculturalafricaatual.com\/index.php\/2023\/09\/05\/guaratingueta-incrementa-a-africa-em-seu-conteudo-curricular\/\">\n\t\t\t\n\t\t\t\n\t\t\tGuaratinguet\u00e1 incrementa a \u00c1frica em seu conte\u00fado curricular\t\t<\/a>\n\t\t\t\t\t\t\n\t\t\t\t\n\t\t\t\n\t\t<\/li>\n\t\t\t\t<li class=\"upk-news-ticker-item\">\n\t\t\t\n\n\t\t\t\t\t\t\t\t\t\n\t\t<a href=\"https:\/\/atlasgeoculturalafricaatual.com\/index.php\/2023\/09\/01\/mostra-cultural-afrofuturista-retorna-a-campinas\/\">\n\t\t\t\n\t\t\t\n\t\t\tMostra Cultural Afrofuturista retorna \u00e0 Campinas\t\t<\/a>\n\t\t\t\t\t\t\n\t\t\t\t\n\t\t\t\n\t\t<\/li>\n\t\t\t\t<li class=\"upk-news-ticker-item\">\n\t\t\t\n\n\t\t\t\t\t\t\t\t\t\n\t\t<a href=\"https:\/\/atlasgeoculturalafricaatual.com\/index.php\/2023\/08\/30\/qual-a-importancia-da-viagem-do-presidente-lula-a-africa-em-2023\/\">\n\t\t\t\n\t\t\t\n\t\t\tQual a import\u00e2ncia da viagem do Presidente Lula \u00e0 \u00c1frica em 2023?\t\t<\/a>\n\t\t\t\t\t\t\n\t\t\t\t\n\t\t\t\n\t\t<\/li>\n\t\t\n\n\t\t        <\/ul>\n\t\t    <\/div>\n\t\t    \t\t    <div class=\"upk-news-ticker-controls upk-news-ticker-navigation\">\n\n\t\t        <button class=\"bdt-visible@m\">\n\t\t        \t<span class=\"upk-news-ticker-arrow upk-news-ticker-prev bdt-icon\">\n\t\t        \t\t<svg width=\"20\" height=\"20\" viewBox=\"0 0 20 20\" xmlns=\"http:\/\/www.w3.org\/2000\/svg\" data-svg=\"chevron-left\">\n\t\t        \t\t\t<polyline fill=\"none\" stroke=\"#000\" stroke-width=\"1.03\" points=\"13 16 7 10 13 4\"><\/polyline>\n\t\t        \t\t<\/svg>\n\t\t        \t<\/span>\n\t\t        <\/button>\n\n\t\t        \t\t        \n\t\t        <button>\n\t\t        \t<span class=\"upk-news-ticker-arrow upk-news-ticker-next bdt-icon\">\n\t\t        \t\t<svg width=\"20\" height=\"20\" viewBox=\"0 0 20 20\" xmlns=\"http:\/\/www.w3.org\/2000\/svg\" data-svg=\"chevron-right\">\n\t\t        \t\t\t<polyline fill=\"none\" stroke=\"#000\" stroke-width=\"1.03\" points=\"7 4 13 10 7 16\"><\/polyline>\n\t\t        \t\t<\/svg>\n\t\t        \t<\/span>\n\t\t        <\/button>\n\n\t\t    <\/div>\n\n\t\t\t\t\t<\/div>\n\t\t\n\t\t\t\t<\/div>\n\t\t\t\t<\/div>\n\t\t\t\t\t<\/div>\n\t\t\t\t<\/div>\n\t\t\t\t\t<\/div>\n\t\t\t\t<\/div>\n\t\t\t\t\t<\/div>\n\t\t\t\t<\/div>\n\t\t\t\t\t<\/div>\n\t\t\t\t<\/div>\n\t\t\t\t\t<\/div>\n\t\t\t\t<\/div>\n\t\t<div class=\"elementor-element elementor-element-76c9f03 e-flex e-con-boxed e-con\" data-id=\"76c9f03\" data-element_type=\"container\" data-settings=\"{&quot;content_width&quot;:&quot;boxed&quot;}\">\n\t\t\t\t\t<div class=\"e-con-inner\">\n\t\t\t\t<div class=\"elementor-element elementor-element-9a6debe elementor-widget__width-initial elementor-widget elementor-widget-heading\" data-id=\"9a6debe\" data-element_type=\"widget\" data-widget_type=\"heading.default\">\n\t\t\t\t<div class=\"elementor-widget-container\">\n\t\t\t<h3 class=\"elementor-heading-title elementor-size-default\">Prop\u00f3sito:&nbsp;<br><br>\n\n\nO site www.africaatual.com.br nasce com o prop\u00f3sito de divulgar os pa\u00edses africanos no Brasil. Com uma perspectiva inovadora e diferenciada, a partir de um olhar brasileiro, afrodescendente e afrocentrado.&nbsp;<\/h3>\t\t<\/div>\n\t\t\t\t<\/div>\n\t\t\t\t\t<\/div>\n\t\t\t\t<\/div>\n\t\t<div class=\"elementor-element elementor-element-f741ec1 e-flex e-con-boxed e-con\" data-id=\"f741ec1\" data-element_type=\"container\" data-settings=\"{&quot;content_width&quot;:&quot;boxed&quot;}\">\n\t\t\t\t\t<div class=\"e-con-inner\">\n\t\t\t\t<div class=\"elementor-element elementor-element-030c4f4 elementor-widget__width-initial elementor-widget elementor-widget-text-editor\" data-id=\"030c4f4\" data-element_type=\"widget\" data-widget_type=\"text-editor.default\">\n\t\t\t\t<div class=\"elementor-widget-container\">\n\t\t\t<style>\/*! elementor - v3.15.0 - 02-08-2023 *\/\n.elementor-widget-text-editor.elementor-drop-cap-view-stacked .elementor-drop-cap{background-color:#69727d;color:#fff}.elementor-widget-text-editor.elementor-drop-cap-view-framed .elementor-drop-cap{color:#69727d;border:3px solid;background-color:transparent}.elementor-widget-text-editor:not(.elementor-drop-cap-view-default) .elementor-drop-cap{margin-top:8px}.elementor-widget-text-editor:not(.elementor-drop-cap-view-default) .elementor-drop-cap-letter{width:1em;height:1em}.elementor-widget-text-editor .elementor-drop-cap{float:left;text-align:center;line-height:1;font-size:50px}.elementor-widget-text-editor .elementor-drop-cap-letter{display:inline-block}<\/style>\t\t\t\t<p><\/p>\n<p><b>Din\u00e2mica de conte\u00fado&nbsp;<\/b><\/p>\n<p><span style=\"font-weight: 400;\">O site <\/span><a href=\"http:\/\/www.africaatual.com.br\"><span style=\"font-weight: 400;\">www.africaatual.com.br<\/span><\/a><span style=\"font-weight: 400;\"> se conecta com conceitos do afrofuturismo e o afro-otimismo. Sem deixar de reconhecer as dificuldades e desafios enfrentados pelos pa\u00edses de \u00c1frica. Mas, somando as proposi\u00e7\u00f5es da Uni\u00e3o Africana (<\/span><a href=\"http:\/\/www.ua.int\"><span style=\"font-weight: 400;\">www.ua.int<\/span><\/a><span style=\"font-weight: 400;\">), em demonstrar os esfor\u00e7os de seus povos e governantes em construir e consolidar as suas na\u00e7\u00f5es. Em contrapartida, atuar na desconstru\u00e7\u00e3o de estere\u00f3tipos massificados pelas m\u00eddias, sistemas educativos e ind\u00fastrias culturais.<\/span><\/p>\n<p><span style=\"font-weight: 400;\">Nesta dire\u00e7\u00e3o geocultural, o site far\u00e1 a divulga\u00e7\u00e3o de informa\u00e7\u00f5es inovadoras dos pa\u00edses, de seus avan\u00e7os em infraestrutura urbana, tamb\u00e9m aos projetos de inova\u00e7\u00e3o tecnol\u00f3gica e cultural, de desenvolvimento econ\u00f4mico e social, de universidades e centros de pesquisa.&nbsp;<\/span><\/p>\n<p><b>Parceria institucional&nbsp;<\/b><\/p>\n<p><span style=\"font-weight: 400;\">Este projeto possui a parceria institucional da Editora EIROS do Brasil (<\/span><a href=\"http:\/\/www.editoraeiros.com.br\"><span style=\"font-weight: 400;\">www.editoraeiros.com.br<\/span><\/a><span style=\"font-weight: 400;\">)<\/span><\/p>\n<p><span style=\"font-weight: 400;\">Se voc\u00ea adere a este prop\u00f3sito, contate-nos, pois estamos abertos a novas parcerias:&nbsp;<\/span><\/p>\n<p><a href=\"mailto:contato@africaatual.com.br\"><span style=\"font-weight: 400;\">contato@africaatual.com.br<\/span><\/a><\/p>\n<p><b>Campanha Permanente do Projeto \u201c\u00c1frica Atual\u201d<\/b><\/p>\n<p><span style=\"font-weight: 400;\">Divulgar o <\/span><b><i>Dia Internacional da \u00c1frica: 25 de Maio<\/i><\/b><span style=\"font-weight: 400;\">. Criado pela Uni\u00e3o Africana e endossado pela ONU.&nbsp;<\/span><\/p>\n<p><span style=\"font-weight: 400;\">Gerando e estimulando eventos como shows, semin\u00e1rios e confer\u00eancias, palestras, premia\u00e7\u00f5es, confraterniza\u00e7\u00f5es, entre outras modalidades.<\/span><\/p>\n<p><span style=\"font-weight: 400;\">&nbsp;Fa\u00e7a a sua ades\u00e3o inserindo esta efem\u00e9ride em seu calend\u00e1rio de iniciativas.&nbsp;<\/span><\/p>\n<p><span style=\"font-weight: 400;\">No campo das iniciativas p\u00fablicas e privadas, das organiza\u00e7\u00f5es culturais e educacionais, se prop\u00f5e a inser\u00e7\u00e3o do m\u00eas de maio como m\u00eas da \u00c1frica, tamb\u00e9m colaborando com as din\u00e2micas dos contextos da Lei 10639\/03 e 11.645\/08, em conson\u00e2ncia com as lutas mundiais contra qualquer tipo de preconceito e racismo.&nbsp;&nbsp;<\/span><\/p>\t\t\t\t\t\t<\/div>\n\t\t\t\t<\/div>\n\t\t\t\t\t<\/div>\n\t\t\t\t<\/div>\n\t\t\t\t\t\t\t<\/div>\n\t\t","protected":false},"excerpt":{"rendered":"<p>Quem somos Not\u00edcias Dia dos Pais Copa do Mundo Feminina de Futebol: tr\u00eas sele\u00e7\u00f5es africanas classificadas Codesria na \u00c1frica Exposi\u00e7\u00e3o in\u00e9dita &#8220;Mem\u00f3ria do Imp\u00e9rio&#8221; \u00a03 de julho \u00e9 celebrado o [&hellip;]<\/p>\n","protected":false},"author":2,"featured_media":0,"parent":0,"menu_order":0,"comment_status":"closed","ping_status":"closed","template":"","meta":{"content-type":"","footnotes":""},"palavra-chave":[],"class_list":["post-8320","page","type-page","status-publish","hentry","entry","has-media"],"aioseo_notices":[],"yoast_head":"<!-- This site is optimized with the Yoast SEO plugin v20.13 - https:\/\/yoast.com\/wordpress\/plugins\/seo\/ -->\n<title>Quem somos - atlasgeoculturalafricaatual.com<\/title>\n<meta name=\"robots\" content=\"index, follow, max-snippet:-1, max-image-preview:large, max-video-preview:-1\" \/>\n<link rel=\"canonical\" href=\"https:\/\/atlasgeoculturalafricaatual.com\/index.php\/quem-somos\/\" \/>\n<meta property=\"og:locale\" content=\"pt_BR\" \/>\n<meta property=\"og:type\" content=\"article\" \/>\n<meta property=\"og:title\" content=\"Quem somos - atlasgeoculturalafricaatual.com\" \/>\n<meta property=\"og:description\" content=\"Quem somos Not\u00edcias Dia dos Pais Copa do Mundo Feminina de Futebol: tr\u00eas sele\u00e7\u00f5es africanas classificadas Codesria na \u00c1frica Exposi\u00e7\u00e3o in\u00e9dita &#8220;Mem\u00f3ria do Imp\u00e9rio&#8221; \u00a03 de julho \u00e9 celebrado o [&hellip;]\" \/>\n<meta property=\"og:url\" content=\"https:\/\/atlasgeoculturalafricaatual.com\/index.php\/quem-somos\/\" \/>\n<meta property=\"og:site_name\" content=\"atlasgeoculturalafricaatual.com\" \/>\n<meta property=\"article:modified_time\" content=\"2023-08-16T14:28:13+00:00\" \/>\n<meta name=\"twitter:card\" content=\"summary_large_image\" \/>\n<meta name=\"twitter:label1\" content=\"Est. tempo de leitura\" \/>\n\t<meta name=\"twitter:data1\" content=\"2 minutos\" \/>\n<script type=\"application\/ld+json\" class=\"yoast-schema-graph\">{\"@context\":\"https:\/\/schema.org\",\"@graph\":[{\"@type\":\"WebPage\",\"@id\":\"https:\/\/atlasgeoculturalafricaatual.com\/index.php\/quem-somos\/\",\"url\":\"https:\/\/atlasgeoculturalafricaatual.com\/index.php\/quem-somos\/\",\"name\":\"Quem somos - atlasgeoculturalafricaatual.com\",\"isPartOf\":{\"@id\":\"https:\/\/atlasgeoculturalafricaatual.com\/#website\"},\"datePublished\":\"2023-08-05T17:39:46+00:00\",\"dateModified\":\"2023-08-16T14:28:13+00:00\",\"breadcrumb\":{\"@id\":\"https:\/\/atlasgeoculturalafricaatual.com\/index.php\/quem-somos\/#breadcrumb\"},\"inLanguage\":\"pt-BR\",\"potentialAction\":[{\"@type\":\"ReadAction\",\"target\":[\"https:\/\/atlasgeoculturalafricaatual.com\/index.php\/quem-somos\/\"]}]},{\"@type\":\"BreadcrumbList\",\"@id\":\"https:\/\/atlasgeoculturalafricaatual.com\/index.php\/quem-somos\/#breadcrumb\",\"itemListElement\":[{\"@type\":\"ListItem\",\"position\":1,\"name\":\"In\u00edcio\",\"item\":\"https:\/\/atlasgeoculturalafricaatual.com\/\"},{\"@type\":\"ListItem\",\"position\":2,\"name\":\"Quem somos\"}]},{\"@type\":\"WebSite\",\"@id\":\"https:\/\/atlasgeoculturalafricaatual.com\/#website\",\"url\":\"https:\/\/atlasgeoculturalafricaatual.com\/\",\"name\":\"atlasgeoculturalafricaatual.com\",\"description\":\"O Atlas Geocultural da \u00c1frica \u00e9 um rico material de leitura e pesquisa, que visa apresentar de forma atual os pa\u00edses africanos, ainda t\u00e3o pouco conhecidos.\",\"publisher\":{\"@id\":\"https:\/\/atlasgeoculturalafricaatual.com\/#organization\"},\"potentialAction\":[{\"@type\":\"SearchAction\",\"target\":{\"@type\":\"EntryPoint\",\"urlTemplate\":\"https:\/\/atlasgeoculturalafricaatual.com\/?s={search_term_string}\"},\"query-input\":\"required name=search_term_string\"}],\"inLanguage\":\"pt-BR\"},{\"@type\":\"Organization\",\"@id\":\"https:\/\/atlasgeoculturalafricaatual.com\/#organization\",\"name\":\"atlasgeoculturalafricaatual.com\",\"url\":\"https:\/\/atlasgeoculturalafricaatual.com\/\",\"logo\":{\"@type\":\"ImageObject\",\"inLanguage\":\"pt-BR\",\"@id\":\"https:\/\/atlasgeoculturalafricaatual.com\/#\/schema\/logo\/image\/\",\"url\":\"http:\/\/atlasgeoculturalafricaatual.com\/wp-content\/uploads\/2023\/06\/LOGOEIROS_Prancheta-1-tipo-preto.png\",\"contentUrl\":\"http:\/\/atlasgeoculturalafricaatual.com\/wp-content\/uploads\/2023\/06\/LOGOEIROS_Prancheta-1-tipo-preto.png\",\"width\":1667,\"height\":730,\"caption\":\"atlasgeoculturalafricaatual.com\"},\"image\":{\"@id\":\"https:\/\/atlasgeoculturalafricaatual.com\/#\/schema\/logo\/image\/\"}}]}<\/script>\n<!-- \/ Yoast SEO plugin. -->","yoast_head_json":{"title":"Quem somos - atlasgeoculturalafricaatual.com","robots":{"index":"index","follow":"follow","max-snippet":"max-snippet:-1","max-image-preview":"max-image-preview:large","max-video-preview":"max-video-preview:-1"},"canonical":"https:\/\/atlasgeoculturalafricaatual.com\/index.php\/quem-somos\/","og_locale":"pt_BR","og_type":"article","og_title":"Quem somos - atlasgeoculturalafricaatual.com","og_description":"Quem somos Not\u00edcias Dia dos Pais Copa do Mundo Feminina de Futebol: tr\u00eas sele\u00e7\u00f5es africanas classificadas Codesria na \u00c1frica Exposi\u00e7\u00e3o in\u00e9dita &#8220;Mem\u00f3ria do Imp\u00e9rio&#8221; \u00a03 de julho \u00e9 celebrado o [&hellip;]","og_url":"https:\/\/atlasgeoculturalafricaatual.com\/index.php\/quem-somos\/","og_site_name":"atlasgeoculturalafricaatual.com","article_modified_time":"2023-08-16T14:28:13+00:00","twitter_card":"summary_large_image","twitter_misc":{"Est. tempo de leitura":"2 minutos"},"schema":{"@context":"https:\/\/schema.org","@graph":[{"@type":"WebPage","@id":"https:\/\/atlasgeoculturalafricaatual.com\/index.php\/quem-somos\/","url":"https:\/\/atlasgeoculturalafricaatual.com\/index.php\/quem-somos\/","name":"Quem somos - atlasgeoculturalafricaatual.com","isPartOf":{"@id":"https:\/\/atlasgeoculturalafricaatual.com\/#website"},"datePublished":"2023-08-05T17:39:46+00:00","dateModified":"2023-08-16T14:28:13+00:00","breadcrumb":{"@id":"https:\/\/atlasgeoculturalafricaatual.com\/index.php\/quem-somos\/#breadcrumb"},"inLanguage":"pt-BR","potentialAction":[{"@type":"ReadAction","target":["https:\/\/atlasgeoculturalafricaatual.com\/index.php\/quem-somos\/"]}]},{"@type":"BreadcrumbList","@id":"https:\/\/atlasgeoculturalafricaatual.com\/index.php\/quem-somos\/#breadcrumb","itemListElement":[{"@type":"ListItem","position":1,"name":"In\u00edcio","item":"https:\/\/atlasgeoculturalafricaatual.com\/"},{"@type":"ListItem","position":2,"name":"Quem somos"}]},{"@type":"WebSite","@id":"https:\/\/atlasgeoculturalafricaatual.com\/#website","url":"https:\/\/atlasgeoculturalafricaatual.com\/","name":"atlasgeoculturalafricaatual.com","description":"O Atlas Geocultural da \u00c1frica \u00e9 um rico material de leitura e pesquisa, que visa apresentar de forma atual os pa\u00edses africanos, ainda t\u00e3o pouco conhecidos.","publisher":{"@id":"https:\/\/atlasgeoculturalafricaatual.com\/#organization"},"potentialAction":[{"@type":"SearchAction","target":{"@type":"EntryPoint","urlTemplate":"https:\/\/atlasgeoculturalafricaatual.com\/?s={search_term_string}"},"query-input":"required name=search_term_string"}],"inLanguage":"pt-BR"},{"@type":"Organization","@id":"https:\/\/atlasgeoculturalafricaatual.com\/#organization","name":"atlasgeoculturalafricaatual.com","url":"https:\/\/atlasgeoculturalafricaatual.com\/","logo":{"@type":"ImageObject","inLanguage":"pt-BR","@id":"https:\/\/atlasgeoculturalafricaatual.com\/#\/schema\/logo\/image\/","url":"http:\/\/atlasgeoculturalafricaatual.com\/wp-content\/uploads\/2023\/06\/LOGOEIROS_Prancheta-1-tipo-preto.png","contentUrl":"http:\/\/atlasgeoculturalafricaatual.com\/wp-content\/uploads\/2023\/06\/LOGOEIROS_Prancheta-1-tipo-preto.png","width":1667,"height":730,"caption":"atlasgeoculturalafricaatual.com"},"image":{"@id":"https:\/\/atlasgeoculturalafricaatual.com\/#\/schema\/logo\/image\/"}}]}},"_links":{"self":[{"href":"https:\/\/atlasgeoculturalafricaatual.com\/index.php\/wp-json\/wp\/v2\/pages\/8320","targetHints":{"allow":["GET"]}}],"collection":[{"href":"https:\/\/atlasgeoculturalafricaatual.com\/index.php\/wp-json\/wp\/v2\/pages"}],"about":[{"href":"https:\/\/atlasgeoculturalafricaatual.com\/index.php\/wp-json\/wp\/v2\/types\/page"}],"author":[{"embeddable":true,"href":"https:\/\/atlasgeoculturalafricaatual.com\/index.php\/wp-json\/wp\/v2\/users\/2"}],"replies":[{"embeddable":true,"href":"https:\/\/atlasgeoculturalafricaatual.com\/index.php\/wp-json\/wp\/v2\/comments?post=8320"}],"version-history":[{"count":25,"href":"https:\/\/atlasgeoculturalafricaatual.com\/index.php\/wp-json\/wp\/v2\/pages\/8320\/revisions"}],"predecessor-version":[{"id":8700,"href":"https:\/\/atlasgeoculturalafricaatual.com\/index.php\/wp-json\/wp\/v2\/pages\/8320\/revisions\/8700"}],"wp:attachment":[{"href":"https:\/\/atlasgeoculturalafricaatual.com\/index.php\/wp-json\/wp\/v2\/media?parent=8320"}],"wp:term":[{"taxonomy":"palavra-chave","embeddable":true,"href":"https:\/\/atlasgeoculturalafricaatual.com\/index.php\/wp-json\/wp\/v2\/palavra-chave?post=8320"}],"curies":[{"name":"wp","href":"https:\/\/api.w.org\/{rel}","templated":true}]}}